{"id":559,"date":"2016-09-14T17:54:10","date_gmt":"2016-09-14T15:54:10","guid":{"rendered":"http:\/\/daraspe.com\/?page_id=559"},"modified":"2026-04-08T16:15:23","modified_gmt":"2026-04-08T14:15:23","slug":"mentions-legales","status":"publish","type":"page","link":"https:\/\/www.daraspe.com\/neo\/mentions-legales\/","title":{"rendered":"Mentions l\u00e9gales"},"content":{"rendered":"\n<h2 class=\"wp-block-heading\">Mentions l\u00e9gales<\/h2>\n\n\n\n<p><\/p>\n\n\n\n<p><strong>Editeur<\/strong><\/p>\n\n\n\n<p>Le site internet daraspe.com est \u00e9dit\u00e9 par Roland DARASPE, Orf\u00e8vre en Gironde &#8211; SIRET : 311 965 891 00022 &#8211; APE : 3212Z<\/p>\n\n\n\n<p>Le site internet daraspe.com utilise <a href=\"https:\/\/fr.wordpress.org\/\" target=\"_blank\" rel=\"noreferrer noopener\">WordPress<\/a>, int\u00e9gr\u00e9 par ABNS SARL, Bordeaux, <a href=\"http:\/\/abns.net\/\" target=\"_blank\" rel=\"noopener noreferrer\">https:\/\/abns.net\/<\/a>, avec le th\u00e8me <a href=\"https:\/\/themeisle.com\/themes\/neve\/\" target=\"_blank\" rel=\"noreferrer noopener\">NEVE<\/a><\/p>\n\n\n\n<p>Le site est h\u00e9berg\u00e9 chez OVH &#8211; 140 Quai du Sartel &#8211; 59100 ROUBAIX- SAS au capital de 500 k\u20ac &#8211; RCS Roubaix-Tourcoing 424 761 419 00011 &#8211; code NAF 721Z.<\/p>\n\n\n\n<p><strong>Informations diffus\u00e9es sur le pr\u00e9sent site<\/strong><\/p>\n\n\n\n<p>Toutes les informations mises \u00e0 disposition sur daraspe.com sont donn\u00e9es \u00e0 titre consultatif et informatif. Nous nous effor\u00e7ons d\u2019assurer l\u2019exactitude et la mise \u00e0 jour des informations rendues publiques sur ce site, dont nous nous r\u00e9servons le droit de corriger, \u00e0 tout moment et sans pr\u00e9avis, le contenu. Nous ne pouvons cependant en garantir l\u2019exhaustivit\u00e9, l\u2019exactitude ou l\u2019absence de modification par un tiers (intrusion, virus). En outre, nous d\u00e9clinons toute responsabilit\u00e9 en cas d\u2019erreur ou d\u2019omission dans ces informations.<\/p>\n\n\n\n<p><strong> Liens<\/strong><\/p>\n\n\n\n<p>Les liens hypertextes \u00e9tablis en direction d\u2019autres sites ne sauraient engager la responsabilit\u00e9 de l\u2019\u00e9diteur, notamment s\u2019agissant du contenu de ces sites. De m\u00eame, nous ne sommes en aucun cas responsables des liens hypertextes pointant vers le pr\u00e9sent site.<\/p>\n\n\n\n<p><strong>Droits d\u2019auteur<\/strong><\/p>\n\n\n\n<p>Les textes, photos ou vid\u00e9os pr\u00e9sents sur le site restent la propri\u00e9t\u00e9 exclusive de leurs auteurs. Toute utilisation est soumise \u00e0 autorisation \u00e9crite.<\/p>\n\n\n\n<p>Les photos pr\u00e9sentes sur le site sont de Roland Daraspe, sauf mention contraire indiquant le nom de l\u2019auteur au pied des articles.<\/p>\n\n\n\n<p><strong>Responsabilit\u00e9s<\/strong><\/p>\n\n\n\n<p>L\u2019\u00e9diteur ne peut \u00eatre tenu pour responsable du mauvais fonctionnement du site pour un navigateur donn\u00e9.<br>L\u2019\u00e9diteur ne garantit pas que le site daraspe.com fonctionne sans interruption ou qu\u2019il ne contient pas d\u2019erreurs informatiques quelconques, ni que les d\u00e9fauts constat\u00e9s seront corrig\u00e9s. De plus, l\u2019\u00e9diteur ne garantit pas que son site, les serveurs qui y donnent acc\u00e8s et\/ou les sites tiers avec lesquels il a des liens ne contiennent pas de virus ou d\u2019autres composants susceptibles de causer un dommage aux biens et aux personnes.<br>En aucun cas l\u2019\u00e9diteur ne saura \u00eatre tenu pour responsable d\u2019une perte de donn\u00e9es ou d\u2019une d\u00e9t\u00e9rioration de ces donn\u00e9es, ou de m\u00eame, si les donn\u00e9es relatives \u00e0 l\u2019envoi d\u2019un formulaire par un visiteur ne lui parvenaient pas ou lui arrivaient illisibles ou impossibles \u00e0 traiter (par exemple, si le visiteur poss\u00e8de un mat\u00e9riel informatique ou un environnement logiciel inad\u00e9quat pour son envoi, etc.).<br>De plus, l\u2019\u00e9diteur ne peut \u00eatre tenu pour responsable d\u2019\u00e9ventuelles erreurs dans les informations qui sont publi\u00e9es, des cons\u00e9quences directes ou indirectes lors de leurs utilisations par les lecteurs. Toutes les informations pr\u00e9sentes sur le site sont donn\u00e9es \u00e0 titre consultatif et informatif.<\/p>\n\n\n\n<p><strong>Donn\u00e9es personnelles et Politique de cookies<\/strong><\/p>\n\n\n\n<p>Ce site utilise des cookies \u2013 de petits fichiers texte qui sont plac\u00e9s sur votre machine pour aider le site \u00e0 fournir une meilleure exp\u00e9rience utilisateur. En g\u00e9n\u00e9ral, les cookies sont utilis\u00e9s pour conserver les pr\u00e9f\u00e9rences de l\u2019utilisateur, stocker des informations pour des choses comme les paniers d\u2019achat et fournir des donn\u00e9es de suivi anonymis\u00e9es \u00e0 des applications tierces comme Google Analytics. En r\u00e8gle g\u00e9n\u00e9rale, les cookies rendront votre exp\u00e9rience de navigation meilleure. Toutefois, vous pouvez pr\u00e9f\u00e9rer d\u00e9sactiver les cookies sur ce site et sur d\u2019autres. Le moyen le plus efficace consiste \u00e0 d\u00e9sactiver les cookies dans votre navigateur. Nous vous sugg\u00e9rons de consulter la section Aide de votre navigateur ou de consulter le site Web <a href=\"http:\/\/www.aboutcookies.org\/\">\u00c0 propos des cookies<\/a> (en anglais) qui propose des conseils pour tous les navigateurs modernes.<\/p>\n\n\n\n<p>Si vous utilisez le formulaire de contact pour nous envoyer un message, les donn\u00e9es ne sont pas sauvegard\u00e9es sur le site et sont trait\u00e9es dans les jours suivants la r\u00e9ception du message. Les donn\u00e9es ne sont conserv\u00e9es que le temps du traitement de votre demande.<\/p>\n\n\n\n<p>Pour toute information compl\u00e9mentaire, vous pouvez envoyer un mail \u00e0 daraspe@daraspe.com.<\/p>\n","protected":false},"excerpt":{"rendered":"<p>Mentions l\u00e9gales Editeur Le site internet daraspe.com est \u00e9dit\u00e9 par Roland DARASPE, Orf\u00e8vre en Gironde &#8211; SIRET : 311 965 891 00022 &#8211; APE : 3212Z Le site internet daraspe.com utilise WordPress, int\u00e9gr\u00e9 par ABNS SARL, Bordeaux, https:\/\/abns.net\/, avec le th\u00e8me NEVE Le site est h\u00e9berg\u00e9 chez OVH &#8211; 140 Quai du Sartel &#8211; 59100&hellip;&nbsp;<\/p>\n","protected":false},"author":1,"featured_media":0,"parent":0,"menu_order":0,"comment_status":"closed","ping_status":"closed","template":"","meta":{"_acf_changed":false,"neve_meta_sidebar":"","neve_meta_container":"","neve_meta_enable_content_width":"","neve_meta_content_width":0,"neve_meta_title_alignment":"","neve_meta_author_avatar":"","neve_post_elements_order":"","neve_meta_disable_header":"","neve_meta_disable_footer":"","neve_meta_disable_title":"","_themeisle_gutenberg_block_has_review":false,"footnotes":""},"class_list":["post-559","page","type-page","status-publish","hentry"],"acf":[],"_links":{"self":[{"href":"https:\/\/www.daraspe.com\/neo\/wp-json\/wp\/v2\/pages\/559","targetHints":{"allow":["GET"]}}],"collection":[{"href":"https:\/\/www.daraspe.com\/neo\/wp-json\/wp\/v2\/pages"}],"about":[{"href":"https:\/\/www.daraspe.com\/neo\/wp-json\/wp\/v2\/types\/page"}],"author":[{"embeddable":true,"href":"https:\/\/www.daraspe.com\/neo\/wp-json\/wp\/v2\/users\/1"}],"replies":[{"embeddable":true,"href":"https:\/\/www.daraspe.com\/neo\/wp-json\/wp\/v2\/comments?post=559"}],"version-history":[{"count":8,"href":"https:\/\/www.daraspe.com\/neo\/wp-json\/wp\/v2\/pages\/559\/revisions"}],"predecessor-version":[{"id":2097,"href":"https:\/\/www.daraspe.com\/neo\/wp-json\/wp\/v2\/pages\/559\/revisions\/2097"}],"wp:attachment":[{"href":"https:\/\/www.daraspe.com\/neo\/wp-json\/wp\/v2\/media?parent=559"}],"curies":[{"name":"wp","href":"https:\/\/api.w.org\/{rel}","templated":true}]}}