{"id":1876,"date":"2026-04-03T14:55:12","date_gmt":"2026-04-03T12:55:12","guid":{"rendered":"http:\/\/www.daraspe.com\/neo\/?page_id=1876"},"modified":"2026-04-03T15:04:46","modified_gmt":"2026-04-03T13:04:46","slug":"la-transmission-du-savoir","status":"publish","type":"page","link":"https:\/\/www.daraspe.com\/neo\/la-transmission-du-savoir\/","title":{"rendered":"La transmission du savoir"},"content":{"rendered":"\n<p>Je cherche \u00e0 faire passer l\u2019id\u00e9e aux jeunes en formation que l\u2019\u00e9cole leur fait certainement gagner du temps par rapport \u00e0 l\u2019auto-formation solitaire, mais qu\u2019il faudra aussi qu\u2019ils sachent rapidement s\u2019affranchir de ce qu\u2019on leur aura impos\u00e9 comme la seule fa\u00e7on de faire pour \u00e9viter d\u2019\u00eatre brid\u00e9s dans la cr\u00e9ation.<br>Il faut bien s\u00fbr qu\u2019ils sachent que les formations leur ouvrent des portes, celle de la culture g\u00e9n\u00e9rale entre autres, qui m\u2019a manqu\u00e9, celle des savoir-faire minimum, des gestes de base \u00e0 acqu\u00e9rir, de la connaissance des mat\u00e9riaux etc\u2026<br>Cependant, il faut qu\u2019ils sachent aussi que les savoir-faire peuvent et doivent \u00eatre r\u00e9adapt\u00e9s, enrichis, compar\u00e9s \u00e0 d\u2019autres, que telle m\u00e9thode n\u2019est pas la seule, et que de toutes fa\u00e7ons, il faut inventer, inventer toujours, \u00e9conomiser les gestes, la mati\u00e8re, le temps, comme le faisaient les anciens dans la r\u00e9alit\u00e9 \u00e9conomique de leur atelier..<br>Qu\u2019ils sachent aussi que c\u2019est eux qui inventeront le style de l\u2019avenir, leur style, et que cela n\u2019est pas dans les livres, mais dans leurs mains, leur esprit et leur c\u0153ur. Qu\u2019ils osent, croient en eux et travaillent, travaillent, travaillent\u2026<\/p>\n\n\n\n<p>Je soutiens que la ma\u00eetrise d\u2019un m\u00e9tier s\u2019acqui\u00e8re tout au long de sa vie, il est impossible de tout savoir en sortant d\u2019une \u00e9cole. L\u2019exp\u00e9rience doit \u00eatre v\u00e9cue.\u2026<\/p>\n\n\n\n<p>Petit clin d\u2019\u0153il ici \u00e0 mes anciens stagiaires et \u00e9l\u00e8ves, Maria la finlandaise, Marie-Aude, Vincent, Ana\u00efs la qu\u00e9b\u00e9coise, aujourd\u2019hui chef d\u2019atelier d\u2019un maison d\u2019orf\u00e8vrerie \u00e0 Montr\u00e9al, Audrey actuellement ciseleuse \u00e0 la Manufacture de S\u00e8vres, Wilfrid qui vient de monter son atelier en Is\u00e8re, M\u00e9lanie de l\u2019\u00e9cole Tan\u00e9 de Plo\u00ebrmel qui part enrichir sa formation au Mexique\u2026<\/p>\n\n\n<div class=\"is-style-boxed wp-block-themeisle-blocks-posts-grid\" id=\"wp-block-themeisle-blocks-posts-grid-f26bc8b2\"><div class=\"is-grid o-posts-grid-columns-4\"><div class=\"o-posts-grid-post-blog o-posts-grid-post-plain\"><div class=\"o-posts-grid-post\"><div class=\"o-posts-grid-post-image\"><a href=\"https:\/\/www.daraspe.com\/neo\/atelier\/transmission\/ecole-de-bijouterie-et-dorfevrerie-tane-a-ploermel\/\"><img loading=\"lazy\" decoding=\"async\" width=\"640\" height=\"360\" src=\"https:\/\/www.daraspe.com\/neo\/wp-content\/uploads\/2016\/08\/lecole-dorfevrerie-rencontre-un-createur-de-renom.jpg\" class=\"attachment-medium_large size-medium_large\" alt=\"Ecole de bijouterie et d\u2019orf\u00e8vrerie Tan\u00e9, \u00e0 Plo\u00ebrmel\" srcset=\"https:\/\/www.daraspe.com\/neo\/wp-content\/uploads\/2016\/08\/lecole-dorfevrerie-rencontre-un-createur-de-renom.jpg 640w, https:\/\/www.daraspe.com\/neo\/wp-content\/uploads\/2016\/08\/lecole-dorfevrerie-rencontre-un-createur-de-renom-300x169.jpg 300w\" sizes=\"(max-width: 640px) 100vw, 640px\" \/><\/a><\/div><div class=\"o-posts-grid-post-body\"><h4 class=\"o-posts-grid-post-title\"><a href=\"https:\/\/www.daraspe.com\/neo\/atelier\/transmission\/ecole-de-bijouterie-et-dorfevrerie-tane-a-ploermel\/\">Ecole de bijouterie et d\u2019orf\u00e8vrerie Tan\u00e9, \u00e0 Plo\u00ebrmel<\/a><\/h4><div class=\"o-posts-grid-post-description\"><p>Roland Daraspe est le parrain de la promotion 2014 de l\u2019Ecole de bijouterie et d\u2019orf\u00e8vrerie Tan\u00e9, \u00e0 \u2026<\/p><\/div><\/div><\/div><\/div><div class=\"o-posts-grid-post-blog o-posts-grid-post-plain\"><div class=\"o-posts-grid-post\"><div class=\"o-posts-grid-post-image\"><a href=\"https:\/\/www.daraspe.com\/neo\/atelier\/transmission\/wilfrid-jolly-dinandier-designer\/\"><img loading=\"lazy\" decoding=\"async\" width=\"768\" height=\"576\" src=\"https:\/\/www.daraspe.com\/neo\/wp-content\/uploads\/2016\/08\/bu_mise_en_cire_Wilfrid-768x576.jpg\" class=\"attachment-medium_large size-medium_large\" alt=\"Wilfrid Jolly, dinandier designer\" srcset=\"https:\/\/www.daraspe.com\/neo\/wp-content\/uploads\/2016\/08\/bu_mise_en_cire_Wilfrid-768x576.jpg 768w, https:\/\/www.daraspe.com\/neo\/wp-content\/uploads\/2016\/08\/bu_mise_en_cire_Wilfrid-300x225.jpg 300w, https:\/\/www.daraspe.com\/neo\/wp-content\/uploads\/2016\/08\/bu_mise_en_cire_Wilfrid-1024x768.jpg 1024w, https:\/\/www.daraspe.com\/neo\/wp-content\/uploads\/2016\/08\/bu_mise_en_cire_Wilfrid.jpg 1280w\" sizes=\"(max-width: 768px) 100vw, 768px\" \/><\/a><\/div><div class=\"o-posts-grid-post-body\"><h4 class=\"o-posts-grid-post-title\"><a href=\"https:\/\/www.daraspe.com\/neo\/atelier\/transmission\/wilfrid-jolly-dinandier-designer\/\">Wilfrid Jolly, dinandier designer<\/a><\/h4><div class=\"o-posts-grid-post-description\"><p>Wilfrid Jolly a \u00e9t\u00e9 l\u2019\u00e9l\u00e8ve de Roland Daraspe pendant 3 ans, de 2003 \u00e0 2006, dans le cadre du protoc\u2026<\/p><\/div><\/div><\/div><\/div><div class=\"o-posts-grid-post-blog o-posts-grid-post-plain\"><div class=\"o-posts-grid-post\"><div class=\"o-posts-grid-post-image\"><a href=\"https:\/\/www.daraspe.com\/neo\/atelier\/transmission\/camille-jacquemin-orfevre-dinandiere\/\"><img loading=\"lazy\" decoding=\"async\" width=\"642\" height=\"642\" src=\"https:\/\/www.daraspe.com\/neo\/wp-content\/uploads\/2016\/01\/camille_jacquemin_orfevre_dinandiere_.jpg\" class=\"attachment-medium_large size-medium_large\" alt=\"Camille Jacquemin, Orf\u00e8vre Dinandi\u00e8re\" srcset=\"https:\/\/www.daraspe.com\/neo\/wp-content\/uploads\/2016\/01\/camille_jacquemin_orfevre_dinandiere_.jpg 642w, https:\/\/www.daraspe.com\/neo\/wp-content\/uploads\/2016\/01\/camille_jacquemin_orfevre_dinandiere_-150x150.jpg 150w, https:\/\/www.daraspe.com\/neo\/wp-content\/uploads\/2016\/01\/camille_jacquemin_orfevre_dinandiere_-300x300.jpg 300w\" sizes=\"(max-width: 642px) 100vw, 642px\" \/><\/a><\/div><div class=\"o-posts-grid-post-body\"><h4 class=\"o-posts-grid-post-title\"><a href=\"https:\/\/www.daraspe.com\/neo\/atelier\/transmission\/camille-jacquemin-orfevre-dinandiere\/\">Camille Jacquemin, Orf\u00e8vre Dinandi\u00e8re<\/a><\/h4><div class=\"o-posts-grid-post-description\"><p>De mai \u00e0 Juin 2011, Camille Jacquemin a pass\u00e9 6 semaines de stage \u00e0 l\u2019Atelier de l\u2019orf\u00e8vre et Ma\u00eetre\u2026<\/p><\/div><\/div><\/div><\/div><div class=\"o-posts-grid-post-blog o-posts-grid-post-plain\"><div class=\"o-posts-grid-post\"><div class=\"o-posts-grid-post-image\"><a href=\"https:\/\/www.daraspe.com\/neo\/atelier\/transmission\/les-techniques-de-lorfevrerie-presentees-le-28-mars-2019-a-lacademie-nationale-des-sciences-belles-lettres-et-arts-de-bordeaux\/\"><img loading=\"lazy\" decoding=\"async\" width=\"768\" height=\"512\" src=\"https:\/\/www.daraspe.com\/neo\/wp-content\/uploads\/2018\/12\/Lustre_bougies_daraspe_etapes_13-768x512.jpg\" class=\"attachment-medium_large size-medium_large\" alt=\"Les techniques de l&rsquo;orf\u00e8vrerie pr\u00e9sent\u00e9es le 28 mars 2019 \u00e0 l&rsquo;Acad\u00e9mie Nationale des Sciences, Belles-Lettres et Arts de Bordeaux\" srcset=\"https:\/\/www.daraspe.com\/neo\/wp-content\/uploads\/2018\/12\/Lustre_bougies_daraspe_etapes_13-768x512.jpg 768w, https:\/\/www.daraspe.com\/neo\/wp-content\/uploads\/2018\/12\/Lustre_bougies_daraspe_etapes_13-300x200.jpg 300w, https:\/\/www.daraspe.com\/neo\/wp-content\/uploads\/2018\/12\/Lustre_bougies_daraspe_etapes_13-1024x683.jpg 1024w, https:\/\/www.daraspe.com\/neo\/wp-content\/uploads\/2018\/12\/Lustre_bougies_daraspe_etapes_13.jpg 1600w\" sizes=\"(max-width: 768px) 100vw, 768px\" \/><\/a><\/div><div class=\"o-posts-grid-post-body\"><h4 class=\"o-posts-grid-post-title\"><a href=\"https:\/\/www.daraspe.com\/neo\/atelier\/transmission\/les-techniques-de-lorfevrerie-presentees-le-28-mars-2019-a-lacademie-nationale-des-sciences-belles-lettres-et-arts-de-bordeaux\/\">Les techniques de l&rsquo;orf\u00e8vrerie pr\u00e9sent\u00e9es le 28 mars 2019 \u00e0 l&rsquo;Acad\u00e9mie Nationale des Sciences, Belles-Lettres et Arts de Bordeaux<\/a><\/h4><div class=\"o-posts-grid-post-description\"><p>Le 28 mars 2019 \u00e0 16h, \u00e0 l&rsquo;occasion d&rsquo;une s\u00e9ance publique de l&rsquo;Acad\u00e9mie Nationale \u2026<\/p><\/div><\/div><\/div><\/div><div class=\"o-posts-grid-post-blog o-posts-grid-post-plain\"><div class=\"o-posts-grid-post\"><div class=\"o-posts-grid-post-image\"><a href=\"https:\/\/www.daraspe.com\/neo\/atelier\/transmission\/dans-les-coulisses-de-lacademie\/\"><img loading=\"lazy\" decoding=\"async\" width=\"768\" height=\"432\" src=\"https:\/\/www.daraspe.com\/neo\/wp-content\/uploads\/2019\/03\/conf\u00e9rence_acad\u00e9mie_3-768x432.jpg\" class=\"attachment-medium_large size-medium_large\" alt=\"Dans les coulisses de l&rsquo;Acad\u00e9mie&#8230;\" srcset=\"https:\/\/www.daraspe.com\/neo\/wp-content\/uploads\/2019\/03\/conf\u00e9rence_acad\u00e9mie_3-768x432.jpg 768w, https:\/\/www.daraspe.com\/neo\/wp-content\/uploads\/2019\/03\/conf\u00e9rence_acad\u00e9mie_3-300x169.jpg 300w, https:\/\/www.daraspe.com\/neo\/wp-content\/uploads\/2019\/03\/conf\u00e9rence_acad\u00e9mie_3-1024x576.jpg 1024w, https:\/\/www.daraspe.com\/neo\/wp-content\/uploads\/2019\/03\/conf\u00e9rence_acad\u00e9mie_3.jpg 1600w\" sizes=\"(max-width: 768px) 100vw, 768px\" \/><\/a><\/div><div class=\"o-posts-grid-post-body\"><h4 class=\"o-posts-grid-post-title\"><a href=\"https:\/\/www.daraspe.com\/neo\/atelier\/transmission\/dans-les-coulisses-de-lacademie\/\">Dans les coulisses de l&rsquo;Acad\u00e9mie&#8230;<\/a><\/h4><div class=\"o-posts-grid-post-description\"><p>Jeudi 28 mars, en fin d&rsquo;apr\u00e8s-midi, pr\u00e8s de 80 personnes, auditeurs ou membres de l&rsquo;Acad\u2026<\/p><\/div><\/div><\/div><\/div><div class=\"o-posts-grid-post-blog o-posts-grid-post-plain\"><div class=\"o-posts-grid-post\"><div class=\"o-posts-grid-post-image\"><a href=\"https:\/\/www.daraspe.com\/neo\/atelier\/transmission\/les-rencontres-des-gobelins-le-26-novembre-2019-a-paris\/\"><img loading=\"lazy\" decoding=\"async\" width=\"768\" height=\"434\" src=\"https:\/\/www.daraspe.com\/neo\/wp-content\/uploads\/2019\/10\/Rencontres_S1_2020_media-image_1169x661px_1-768x434.jpg\" class=\"attachment-medium_large size-medium_large\" alt=\"Les rencontres des Gobelins, le 26 novembre 2019 \u00e0 Paris\" srcset=\"https:\/\/www.daraspe.com\/neo\/wp-content\/uploads\/2019\/10\/Rencontres_S1_2020_media-image_1169x661px_1-768x434.jpg 768w, https:\/\/www.daraspe.com\/neo\/wp-content\/uploads\/2019\/10\/Rencontres_S1_2020_media-image_1169x661px_1-300x170.jpg 300w, https:\/\/www.daraspe.com\/neo\/wp-content\/uploads\/2019\/10\/Rencontres_S1_2020_media-image_1169x661px_1-1024x579.jpg 1024w, https:\/\/www.daraspe.com\/neo\/wp-content\/uploads\/2019\/10\/Rencontres_S1_2020_media-image_1169x661px_1.jpg 1169w\" sizes=\"(max-width: 768px) 100vw, 768px\" \/><\/a><\/div><div class=\"o-posts-grid-post-body\"><h4 class=\"o-posts-grid-post-title\"><a href=\"https:\/\/www.daraspe.com\/neo\/atelier\/transmission\/les-rencontres-des-gobelins-le-26-novembre-2019-a-paris\/\">Les rencontres des Gobelins, le 26 novembre 2019 \u00e0 Paris<\/a><\/h4><div class=\"o-posts-grid-post-description\"><p>Dans le cadre des Rencontres des Gobelins au Mobilier national et des manufactures des Gobelins, de \u2026<\/p><\/div><\/div><\/div><\/div><div class=\"o-posts-grid-post-blog o-posts-grid-post-plain\"><div class=\"o-posts-grid-post\"><div class=\"o-posts-grid-post-image\"><a href=\"https:\/\/www.daraspe.com\/neo\/atelier\/transmission\/lart-de-la-forge-et-de-la-frappe-rencontres-des-gobelins-26-nov-2019\/\"><img loading=\"lazy\" decoding=\"async\" width=\"293\" height=\"165\" src=\"https:\/\/www.daraspe.com\/neo\/wp-content\/uploads\/2019\/10\/Rencontres-Gobelins.jpg\" class=\"attachment-medium_large size-medium_large\" alt=\"L&rsquo;art de la forge et de la frappe &#8211; Rencontres des Gobelins &#8211; 26 nov. 2019\" \/><\/a><\/div><div class=\"o-posts-grid-post-body\"><h4 class=\"o-posts-grid-post-title\"><a href=\"https:\/\/www.daraspe.com\/neo\/atelier\/transmission\/lart-de-la-forge-et-de-la-frappe-rencontres-des-gobelins-26-nov-2019\/\">L&rsquo;art de la forge et de la frappe &#8211; Rencontres des Gobelins &#8211; 26 nov. 2019<\/a><\/h4><div class=\"o-posts-grid-post-description\"><p>Roland Daraspe et Pierre Gaucher (Sculpteur et ferronnier d&rsquo;art) , tous deux Artisans d&rsquo;\u2026<\/p><\/div><\/div><\/div><\/div><\/div> <\/div>","protected":false},"excerpt":{"rendered":"<p>Je cherche \u00e0 faire passer l\u2019id\u00e9e aux jeunes en formation que l\u2019\u00e9cole leur fait certainement gagner du temps par rapport \u00e0 l\u2019auto-formation solitaire, mais qu\u2019il faudra aussi qu\u2019ils sachent rapidement s\u2019affranchir de ce qu\u2019on leur aura impos\u00e9 comme la seule fa\u00e7on de faire pour \u00e9viter d\u2019\u00eatre brid\u00e9s dans la cr\u00e9ation.Il faut bien s\u00fbr qu\u2019ils sachent&hellip;&nbsp;<\/p>\n","protected":false},"author":1,"featured_media":1661,"parent":0,"menu_order":0,"comment_status":"closed","ping_status":"closed","template":"","meta":{"_acf_changed":false,"neve_meta_sidebar":"full-width","neve_meta_container":"default","neve_meta_enable_content_width":"","neve_meta_content_width":0,"neve_meta_title_alignment":"center","neve_meta_author_avatar":"","neve_post_elements_order":"","neve_meta_disable_header":"off","neve_meta_disable_footer":"","neve_meta_disable_title":"off","_themeisle_gutenberg_block_has_review":false,"footnotes":""},"class_list":["post-1876","page","type-page","status-publish","has-post-thumbnail","hentry"],"acf":[],"_links":{"self":[{"href":"https:\/\/www.daraspe.com\/neo\/wp-json\/wp\/v2\/pages\/1876","targetHints":{"allow":["GET"]}}],"collection":[{"href":"https:\/\/www.daraspe.com\/neo\/wp-json\/wp\/v2\/pages"}],"about":[{"href":"https:\/\/www.daraspe.com\/neo\/wp-json\/wp\/v2\/types\/page"}],"author":[{"embeddable":true,"href":"https:\/\/www.daraspe.com\/neo\/wp-json\/wp\/v2\/users\/1"}],"replies":[{"embeddable":true,"href":"https:\/\/www.daraspe.com\/neo\/wp-json\/wp\/v2\/comments?post=1876"}],"version-history":[{"count":5,"href":"https:\/\/www.daraspe.com\/neo\/wp-json\/wp\/v2\/pages\/1876\/revisions"}],"predecessor-version":[{"id":1883,"href":"https:\/\/www.daraspe.com\/neo\/wp-json\/wp\/v2\/pages\/1876\/revisions\/1883"}],"wp:featuredmedia":[{"embeddable":true,"href":"https:\/\/www.daraspe.com\/neo\/wp-json\/wp\/v2\/media\/1661"}],"wp:attachment":[{"href":"https:\/\/www.daraspe.com\/neo\/wp-json\/wp\/v2\/media?parent=1876"}],"curies":[{"name":"wp","href":"https:\/\/api.w.org\/{rel}","templated":true}]}}