{"id":1733,"date":"2020-03-23T11:30:41","date_gmt":"2020-03-23T11:30:41","guid":{"rendered":"https:\/\/demosites.io\/rokophoto-gb\/?page_id=86"},"modified":"2026-04-08T16:18:47","modified_gmt":"2026-04-08T14:18:47","slug":"98ee9-home","status":"publish","type":"page","link":"https:\/\/www.daraspe.com\/neo\/","title":{"rendered":"Home"},"content":{"rendered":"\n<div id=\"wp-block-themeisle-blocks-advanced-columns-427f53fe\" class=\"wp-block-themeisle-blocks-advanced-columns alignfull has-1-columns has-desktop-equal-layout has-tablet-equal-layout has-mobile-equal-layout has-vertical-unset\"><div class=\"wp-block-themeisle-blocks-advanced-columns-overlay\"><\/div><div class=\"innerblocks-wrap\">\n<div id=\"wp-block-themeisle-blocks-advanced-column-e917b60f\" class=\"wp-block-themeisle-blocks-advanced-column\">\n<h2 id=\"wp-block-themeisle-blocks-advanced-heading-085cae8d\" class=\"wp-block-themeisle-blocks-advanced-heading wp-block-themeisle-blocks-advanced-heading-085cae8d\">Roland daraspe<\/h2>\n\n\n\n<p id=\"wp-block-themeisle-blocks-advanced-heading-e14d7e4a\" class=\"wp-block-themeisle-blocks-advanced-heading wp-block-themeisle-blocks-advanced-heading-e14d7e4a\">Orf\u00e8vre Ma\u00eetre d&rsquo;Art<\/p>\n\n\n\n<div id=\"wp-block-themeisle-blocks-button-group-f24bae65\" class=\"wp-block-themeisle-blocks-button-group wp-block-buttons align-center\">\n<div id=\"wp-block-themeisle-blocks-button-dbf25510\" class=\"wp-block-themeisle-blocks-button wp-block-button\"><a href=\"https:\/\/www.daraspe.com\/neo\/la-galerie\/\" target=\"_self\" rel=\"noopener noreferrer\" class=\"wp-block-button__link\"><span>Visitez la galerie <\/span><\/a><\/div>\n<\/div>\n<\/div>\n<\/div><\/div>\n\n\n\n<div id=\"wp-block-themeisle-blocks-advanced-columns-6e65acfb\" class=\"wp-block-themeisle-blocks-advanced-columns alignfull has-3-columns has-desktop-equal-layout has-tablet-equal-layout has-mobile-collapsedRows-layout has-vertical-top ticss-c00aadba\"><div class=\"wp-block-themeisle-blocks-advanced-columns-overlay\"><\/div><div class=\"innerblocks-wrap\">\n<div id=\"wp-block-themeisle-blocks-advanced-column-f4333eeb\" class=\"wp-block-themeisle-blocks-advanced-column\">\n<p id=\"wp-block-themeisle-blocks-advanced-heading-91baffe5\" class=\"wp-block-themeisle-blocks-advanced-heading wp-block-themeisle-blocks-advanced-heading-91baffe5\"><\/p>\n\n\n\n<h2 id=\"wp-block-themeisle-blocks-advanced-heading-360f5b02\" class=\"wp-block-themeisle-blocks-advanced-heading wp-block-themeisle-blocks-advanced-heading-360f5b02\">L&rsquo;atelier<\/h2>\n\n\n\n<p><\/p>\n\n\n\n<div class=\"wp-block-buttons is-layout-flex wp-block-buttons-is-layout-flex\">\n<div class=\"wp-block-button is-style-primary\"><a class=\"wp-block-button__link wp-element-button\" href=\"https:\/\/www.daraspe.com\/neo\/latelier\/\">Visitez l&rsquo;atelier<\/a><\/div>\n<\/div>\n<\/div>\n\n\n\n<div id=\"wp-block-themeisle-blocks-advanced-column-78ae8ec1\" class=\"wp-block-themeisle-blocks-advanced-column\">\n<figure class=\"wp-block-gallery has-nested-images columns-default is-cropped wp-block-gallery-1 is-layout-flex wp-block-gallery-is-layout-flex\">\n<figure class=\"wp-block-image size-large\"><img loading=\"lazy\" decoding=\"async\" width=\"598\" height=\"598\" data-id=\"1280\" src=\"http:\/\/www.daraspe.com\/neo\/wp-content\/uploads\/2018\/07\/poivrier_daraspe_06.png\" alt=\"\" class=\"wp-image-1280\" srcset=\"https:\/\/www.daraspe.com\/neo\/wp-content\/uploads\/2018\/07\/poivrier_daraspe_06.png 598w, https:\/\/www.daraspe.com\/neo\/wp-content\/uploads\/2018\/07\/poivrier_daraspe_06-150x150.png 150w, https:\/\/www.daraspe.com\/neo\/wp-content\/uploads\/2018\/07\/poivrier_daraspe_06-300x300.png 300w\" sizes=\"auto, (max-width: 598px) 100vw, 598px\" \/><\/figure>\n<\/figure>\n<\/div>\n\n\n\n<div id=\"wp-block-themeisle-blocks-advanced-column-81e97556\" class=\"wp-block-themeisle-blocks-advanced-column\">\n<figure class=\"wp-block-image size-full\"><img loading=\"lazy\" decoding=\"async\" width=\"1237\" height=\"1237\" src=\"http:\/\/www.daraspe.com\/neo\/wp-content\/uploads\/2026\/03\/Lustre_bougies_daraspe_etapes_16-edited.jpg\" alt=\"\" class=\"wp-image-1777\" srcset=\"https:\/\/www.daraspe.com\/neo\/wp-content\/uploads\/2026\/03\/Lustre_bougies_daraspe_etapes_16-edited.jpg 1237w, https:\/\/www.daraspe.com\/neo\/wp-content\/uploads\/2026\/03\/Lustre_bougies_daraspe_etapes_16-edited-300x300.jpg 300w, https:\/\/www.daraspe.com\/neo\/wp-content\/uploads\/2026\/03\/Lustre_bougies_daraspe_etapes_16-edited-1024x1024.jpg 1024w, https:\/\/www.daraspe.com\/neo\/wp-content\/uploads\/2026\/03\/Lustre_bougies_daraspe_etapes_16-edited-150x150.jpg 150w, https:\/\/www.daraspe.com\/neo\/wp-content\/uploads\/2026\/03\/Lustre_bougies_daraspe_etapes_16-edited-768x768.jpg 768w\" sizes=\"auto, (max-width: 1237px) 100vw, 1237px\" \/><\/figure>\n<\/div>\n<\/div><\/div>\n\n\n\n<div id=\"wp-block-themeisle-blocks-advanced-columns-b9f55380\" class=\"wp-block-themeisle-blocks-advanced-columns alignfull has-2-columns has-desktop-equal-layout has-tablet-equal-layout has-mobile-collapsedRows-layout has-vertical-center has-dark-bg\"><div class=\"wp-block-themeisle-blocks-advanced-columns-overlay\"><\/div><div class=\"innerblocks-wrap\">\n<div id=\"wp-block-themeisle-blocks-advanced-column-a2fe9964\" class=\"wp-block-themeisle-blocks-advanced-column\">\n<figure class=\"wp-block-image size-full is-resized\"><img loading=\"lazy\" decoding=\"async\" width=\"435\" height=\"435\" src=\"http:\/\/www.daraspe.com\/neo\/wp-content\/uploads\/2026\/04\/201102182025-edited.jpg\" alt=\"\" class=\"wp-image-1960\" style=\"width:417px;height:auto\" srcset=\"https:\/\/www.daraspe.com\/neo\/wp-content\/uploads\/2026\/04\/201102182025-edited.jpg 435w, https:\/\/www.daraspe.com\/neo\/wp-content\/uploads\/2026\/04\/201102182025-edited-300x300.jpg 300w, https:\/\/www.daraspe.com\/neo\/wp-content\/uploads\/2026\/04\/201102182025-edited-150x150.jpg 150w\" sizes=\"auto, (max-width: 435px) 100vw, 435px\" \/><\/figure>\n<\/div>\n\n\n\n<div id=\"wp-block-themeisle-blocks-advanced-column-506cf6c7\" class=\"wp-block-themeisle-blocks-advanced-column\">\n<h2 id=\"wp-block-themeisle-blocks-advanced-heading-df2e022d\" class=\"wp-block-themeisle-blocks-advanced-heading wp-block-themeisle-blocks-advanced-heading-df2e022d\">L&rsquo;orf\u00e8vre<\/h2>\n\n\n\n<p class=\"has-white-color has-text-color\">Chaudronnier puis m\u00e9canicien en a\u00e9ronautique, verrier avec un artiste am\u00e9ricain, un curieux apprentissage pour un orf\u00e8vre&nbsp;!<\/p>\n\n\n\n<div id=\"wp-block-themeisle-blocks-button-group-e0f3af54\" class=\"wp-block-themeisle-blocks-button-group wp-block-buttons align-left\">\n<div id=\"wp-block-themeisle-blocks-button-a02b476b\" class=\"wp-block-themeisle-blocks-button wp-block-button is-style-outline\"><a href=\"https:\/\/www.daraspe.com\/neo\/lorfevre\/\" target=\"_self\" rel=\"noopener noreferrer\" class=\"wp-block-button__link\"><span>En savoir plus<\/span><\/a><\/div>\n\n\n\n<div id=\"wp-block-themeisle-blocks-button-643b3d42\" class=\"wp-block-themeisle-blocks-button wp-block-button\"><a href=\"https:\/\/www.daraspe.com\/neo\/orfevre\/learn-more\/learn-more-about-daraspe-a-french-silversmith\/\" target=\"_self\" rel=\"noopener noreferrer\" class=\"wp-block-button__link\"><span>Learn more<\/span><\/a><\/div>\n<\/div>\n<\/div>\n<\/div><\/div>\n","protected":false},"excerpt":{"rendered":"","protected":false},"author":1,"featured_media":0,"parent":0,"menu_order":0,"comment_status":"closed","ping_status":"closed","template":"page-templates\/template-pagebuilder-full-width.php","meta":{"_acf_changed":false,"neve_meta_sidebar":"full-width","neve_meta_container":"","neve_meta_enable_content_width":"on","neve_meta_content_width":100,"neve_meta_title_alignment":"","neve_meta_author_avatar":"","neve_post_elements_order":"","neve_meta_disable_header":"","neve_meta_disable_footer":"","neve_meta_disable_title":"","_themeisle_gutenberg_block_has_review":false,"footnotes":""},"class_list":["post-1733","page","type-page","status-publish","hentry"],"acf":[],"_links":{"self":[{"href":"https:\/\/www.daraspe.com\/neo\/wp-json\/wp\/v2\/pages\/1733","targetHints":{"allow":["GET"]}}],"collection":[{"href":"https:\/\/www.daraspe.com\/neo\/wp-json\/wp\/v2\/pages"}],"about":[{"href":"https:\/\/www.daraspe.com\/neo\/wp-json\/wp\/v2\/types\/page"}],"author":[{"embeddable":true,"href":"https:\/\/www.daraspe.com\/neo\/wp-json\/wp\/v2\/users\/1"}],"replies":[{"embeddable":true,"href":"https:\/\/www.daraspe.com\/neo\/wp-json\/wp\/v2\/comments?post=1733"}],"version-history":[{"count":13,"href":"https:\/\/www.daraspe.com\/neo\/wp-json\/wp\/v2\/pages\/1733\/revisions"}],"predecessor-version":[{"id":2103,"href":"https:\/\/www.daraspe.com\/neo\/wp-json\/wp\/v2\/pages\/1733\/revisions\/2103"}],"wp:attachment":[{"href":"https:\/\/www.daraspe.com\/neo\/wp-json\/wp\/v2\/media?parent=1733"}],"curies":[{"name":"wp","href":"https:\/\/api.w.org\/{rel}","templated":true}]}}