{"id":10,"date":"2016-05-11T13:52:13","date_gmt":"2016-05-11T11:52:13","guid":{"rendered":"http:\/\/daraspe.com\/?page_id=10"},"modified":"2026-04-08T18:47:20","modified_gmt":"2026-04-08T16:47:20","slug":"latelier","status":"publish","type":"page","link":"https:\/\/www.daraspe.com\/neo\/latelier\/","title":{"rendered":"L&rsquo;atelier"},"content":{"rendered":"\n<p><\/p>\n\n\n\n<section id=\"wp-block-themeisle-blocks-advanced-columns-6e7afea9\" class=\"wp-block-themeisle-blocks-advanced-columns alignfull has-1-columns has-desktop-equal-layout has-tablet-equal-layout has-mobile-equal-layout has-vertical-flex-start has-light-bg\"><div class=\"wp-block-themeisle-blocks-advanced-columns-overlay\"><\/div><div class=\"innerblocks-wrap\">\n<div id=\"wp-block-themeisle-blocks-advanced-column-c4b71378\" class=\"wp-block-themeisle-blocks-advanced-column\">\n<section id=\"wp-block-themeisle-blocks-advanced-columns-c9de47f3\" class=\"wp-block-themeisle-blocks-advanced-columns has-2-columns has-desktop-equal-layout has-tablet-equal-layout has-mobile-collapsedRows-layout has-vertical-center\"><div class=\"wp-block-themeisle-blocks-advanced-columns-overlay\"><\/div><div class=\"innerblocks-wrap\">\n<div id=\"wp-block-themeisle-blocks-advanced-column-8efaaa45\" class=\"wp-block-themeisle-blocks-advanced-column\">\n<div id=\"wp-block-themeisle-blocks-advanced-heading-b1a30096\" class=\"wp-block-themeisle-blocks-advanced-heading wp-block-themeisle-blocks-advanced-heading-b1a30096\"><\/div>\n\n\n\n<h2 class=\"wp-block-heading has-text-align-left has-text-color has-link-color wp-elements-42ac201d64cfdaae59b1d06908645340\" style=\"color:#080808\">Au c\u0153ur de L&rsquo;atelier<\/h2>\n\n\n\n<p class=\"has-text-align-left has-text-color has-link-color wp-elements-e82ec044be522a8e7e98b614d1719d7b\" style=\"color:#080808\">Mon inspiration vient de mon observation, de ma curiosit\u00e9, d\u2019un petit d\u00e9tail, d\u2019une racine, d\u2019une graine, de mille choses qui m\u2019interpellent. Mais comme je veux que \u00e7a sorte vraiment de moi, c\u2019est uniquement l\u2019id\u00e9e que je m\u2019en fais, le souvenir que j\u2019en ai qui va me permettre de cr\u00e9er. Cela se fait \u00e9galement quand je suis entrain de faire une pi\u00e8ce, un certain d\u00e9tail de fabrication va me permettre de rebondir et de concr\u00e9tiser l\u2019id\u00e9e qui me vient. Plus je travaille, plus les id\u00e9es viennent&#8230;<\/p>\n<\/div>\n\n\n\n<div id=\"wp-block-themeisle-blocks-advanced-column-1a3e76e1\" class=\"wp-block-themeisle-blocks-advanced-column\">\n<figure class=\"wp-block-image size-large\"><img loading=\"lazy\" decoding=\"async\" width=\"1024\" height=\"777\" src=\"http:\/\/www.daraspe.com\/neo\/wp-content\/uploads\/2018\/12\/Lustre_bougies_daraspe_etapes_41-1024x777.jpg\" alt=\"\" class=\"wp-image-1504\" srcset=\"https:\/\/www.daraspe.com\/neo\/wp-content\/uploads\/2018\/12\/Lustre_bougies_daraspe_etapes_41-1024x777.jpg 1024w, https:\/\/www.daraspe.com\/neo\/wp-content\/uploads\/2018\/12\/Lustre_bougies_daraspe_etapes_41-300x228.jpg 300w, https:\/\/www.daraspe.com\/neo\/wp-content\/uploads\/2018\/12\/Lustre_bougies_daraspe_etapes_41-768x583.jpg 768w, https:\/\/www.daraspe.com\/neo\/wp-content\/uploads\/2018\/12\/Lustre_bougies_daraspe_etapes_41.jpg 1600w\" sizes=\"(max-width: 1024px) 100vw, 1024px\" \/><\/figure>\n<\/div>\n<\/div><\/section>\n\n\n\n<section id=\"wp-block-themeisle-blocks-advanced-columns-7631bb9c\" class=\"wp-block-themeisle-blocks-advanced-columns has-4-columns has-desktop-equal-layout has-tablet-twoColumnGrid-layout has-mobile-twoColumnGrid-layout has-vertical-flex-start\"><div class=\"wp-block-themeisle-blocks-advanced-columns-overlay\"><\/div><div class=\"innerblocks-wrap\">\n<div id=\"wp-block-themeisle-blocks-advanced-column-8f7db40c\" class=\"wp-block-themeisle-blocks-advanced-column\">\n<figure class=\"wp-block-image size-large\"><a href=\"https:\/\/www.daraspe.com\/neo\/atelier\/histoire-d-un-lustre\/\"><img loading=\"lazy\" decoding=\"async\" width=\"1144\" height=\"1144\" src=\"http:\/\/www.daraspe.com\/neo\/wp-content\/uploads\/2026\/03\/Lustre_bougies_daraspe_etapes_02-edited.jpg\" alt=\"\" class=\"wp-image-1775\" srcset=\"https:\/\/www.daraspe.com\/neo\/wp-content\/uploads\/2026\/03\/Lustre_bougies_daraspe_etapes_02-edited.jpg 1144w, https:\/\/www.daraspe.com\/neo\/wp-content\/uploads\/2026\/03\/Lustre_bougies_daraspe_etapes_02-edited-300x300.jpg 300w, https:\/\/www.daraspe.com\/neo\/wp-content\/uploads\/2026\/03\/Lustre_bougies_daraspe_etapes_02-edited-1024x1024.jpg 1024w, https:\/\/www.daraspe.com\/neo\/wp-content\/uploads\/2026\/03\/Lustre_bougies_daraspe_etapes_02-edited-150x150.jpg 150w, https:\/\/www.daraspe.com\/neo\/wp-content\/uploads\/2026\/03\/Lustre_bougies_daraspe_etapes_02-edited-768x768.jpg 768w\" sizes=\"(max-width: 1144px) 100vw, 1144px\" \/><\/a><\/figure>\n<\/div>\n\n\n\n<div id=\"wp-block-themeisle-blocks-advanced-column-d6cd11b2\" class=\"wp-block-themeisle-blocks-advanced-column\">\n<figure class=\"wp-block-image size-full\"><a href=\"https:\/\/www.daraspe.com\/neo\/atelier\/la-fabrication-de-lostensoir\/\"><img loading=\"lazy\" decoding=\"async\" width=\"387\" height=\"387\" src=\"http:\/\/www.daraspe.com\/neo\/wp-content\/uploads\/2026\/03\/ai-Ostensoir-P-edited.jpg\" alt=\"\" class=\"wp-image-1774\" srcset=\"https:\/\/www.daraspe.com\/neo\/wp-content\/uploads\/2026\/03\/ai-Ostensoir-P-edited.jpg 387w, https:\/\/www.daraspe.com\/neo\/wp-content\/uploads\/2026\/03\/ai-Ostensoir-P-edited-300x300.jpg 300w, https:\/\/www.daraspe.com\/neo\/wp-content\/uploads\/2026\/03\/ai-Ostensoir-P-edited-150x150.jpg 150w\" sizes=\"(max-width: 387px) 100vw, 387px\" \/><\/a><\/figure>\n<\/div>\n\n\n\n<div id=\"wp-block-themeisle-blocks-advanced-column-a02e1a90\" class=\"wp-block-themeisle-blocks-advanced-column\">\n<figure class=\"wp-block-image size-large\"><img loading=\"lazy\" decoding=\"async\" width=\"1345\" height=\"1345\" src=\"http:\/\/www.daraspe.com\/neo\/wp-content\/uploads\/2026\/03\/Lustre_bougies_daraspe_etapes_42-edited.jpg\" alt=\"\" class=\"wp-image-1776\" srcset=\"https:\/\/www.daraspe.com\/neo\/wp-content\/uploads\/2026\/03\/Lustre_bougies_daraspe_etapes_42-edited.jpg 1345w, https:\/\/www.daraspe.com\/neo\/wp-content\/uploads\/2026\/03\/Lustre_bougies_daraspe_etapes_42-edited-300x300.jpg 300w, https:\/\/www.daraspe.com\/neo\/wp-content\/uploads\/2026\/03\/Lustre_bougies_daraspe_etapes_42-edited-1024x1024.jpg 1024w, https:\/\/www.daraspe.com\/neo\/wp-content\/uploads\/2026\/03\/Lustre_bougies_daraspe_etapes_42-edited-150x150.jpg 150w, https:\/\/www.daraspe.com\/neo\/wp-content\/uploads\/2026\/03\/Lustre_bougies_daraspe_etapes_42-edited-768x768.jpg 768w\" sizes=\"(max-width: 1345px) 100vw, 1345px\" \/><\/figure>\n<\/div>\n\n\n\n<div id=\"wp-block-themeisle-blocks-advanced-column-0b2dc598\" class=\"wp-block-themeisle-blocks-advanced-column\">\n<figure class=\"wp-block-image size-large\"><img loading=\"lazy\" decoding=\"async\" width=\"1237\" height=\"1237\" src=\"http:\/\/www.daraspe.com\/neo\/wp-content\/uploads\/2026\/03\/Lustre_bougies_daraspe_etapes_16-edited.jpg\" alt=\"\" class=\"wp-image-1777\" srcset=\"https:\/\/www.daraspe.com\/neo\/wp-content\/uploads\/2026\/03\/Lustre_bougies_daraspe_etapes_16-edited.jpg 1237w, https:\/\/www.daraspe.com\/neo\/wp-content\/uploads\/2026\/03\/Lustre_bougies_daraspe_etapes_16-edited-300x300.jpg 300w, https:\/\/www.daraspe.com\/neo\/wp-content\/uploads\/2026\/03\/Lustre_bougies_daraspe_etapes_16-edited-1024x1024.jpg 1024w, https:\/\/www.daraspe.com\/neo\/wp-content\/uploads\/2026\/03\/Lustre_bougies_daraspe_etapes_16-edited-150x150.jpg 150w, https:\/\/www.daraspe.com\/neo\/wp-content\/uploads\/2026\/03\/Lustre_bougies_daraspe_etapes_16-edited-768x768.jpg 768w\" sizes=\"(max-width: 1237px) 100vw, 1237px\" \/><\/figure>\n<\/div>\n<\/div><\/section>\n<\/div>\n<\/div><\/section>\n\n\n\n<section id=\"wp-block-themeisle-blocks-advanced-columns-dab9e0bf\" class=\"wp-block-themeisle-blocks-advanced-columns alignfull has-1-columns has-desktop-equal-layout has-tablet-equal-layout has-mobile-equal-layout has-vertical-flex-start has-light-bg\"><div class=\"wp-block-themeisle-blocks-advanced-columns-overlay\"><\/div><div class=\"innerblocks-wrap\">\n<div id=\"wp-block-themeisle-blocks-advanced-column-9df22226\" class=\"wp-block-themeisle-blocks-advanced-column\">\n<section id=\"wp-block-themeisle-blocks-advanced-columns-25c95699\" class=\"wp-block-themeisle-blocks-advanced-columns has-2-columns has-desktop-equal-layout has-tablet-equal-layout has-mobile-equal-layout has-vertical-flex-start\"><div class=\"wp-block-themeisle-blocks-advanced-columns-overlay\"><\/div><div class=\"innerblocks-wrap\">\n<div id=\"wp-block-themeisle-blocks-advanced-column-d4d9a4f8\" class=\"wp-block-themeisle-blocks-advanced-column\">\n<figure class=\"wp-block-image size-large\"><img loading=\"lazy\" decoding=\"async\" width=\"1878\" height=\"1879\" src=\"http:\/\/www.daraspe.com\/neo\/wp-content\/uploads\/2026\/04\/conference_academie_2-edited.jpg\" alt=\"\" class=\"wp-image-1885\" srcset=\"https:\/\/www.daraspe.com\/neo\/wp-content\/uploads\/2026\/04\/conference_academie_2-edited.jpg 1878w, https:\/\/www.daraspe.com\/neo\/wp-content\/uploads\/2026\/04\/conference_academie_2-edited-300x300.jpg 300w, https:\/\/www.daraspe.com\/neo\/wp-content\/uploads\/2026\/04\/conference_academie_2-edited-1024x1024.jpg 1024w, https:\/\/www.daraspe.com\/neo\/wp-content\/uploads\/2026\/04\/conference_academie_2-edited-150x150.jpg 150w, https:\/\/www.daraspe.com\/neo\/wp-content\/uploads\/2026\/04\/conference_academie_2-edited-768x768.jpg 768w, https:\/\/www.daraspe.com\/neo\/wp-content\/uploads\/2026\/04\/conference_academie_2-edited-1536x1536.jpg 1536w\" sizes=\"(max-width: 1878px) 100vw, 1878px\" \/><\/figure>\n<\/div>\n\n\n\n<div id=\"wp-block-themeisle-blocks-advanced-column-dbc46140\" class=\"wp-block-themeisle-blocks-advanced-column\">\n<h2 class=\"wp-block-heading has-text-align-center has-text-color has-link-color wp-elements-39642b37ec909b122e977992d84b1458\" style=\"color:#080808\">La transmission du savoir<\/h2>\n\n\n\n<p>Je cherche \u00e0 faire passer l\u2019id\u00e9e aux jeunes en formation que l\u2019\u00e9cole leur fait certainement gagner du temps par rapport \u00e0 l\u2019auto-formation solitaire, mais qu\u2019il faudra aussi qu\u2019ils sachent rapidement s\u2019affranchir de ce qu\u2019on leur aura impos\u00e9 comme la seule fa\u00e7on de faire pour \u00e9viter d\u2019\u00eatre brid\u00e9s dans la cr\u00e9ation.<\/p>\n\n\n\n<div id=\"wp-block-themeisle-blocks-button-group-afa9efc7\" class=\"wp-block-themeisle-blocks-button-group wp-block-buttons align-center-desktop\">\n<div id=\"wp-block-themeisle-blocks-button-a0c25177\" class=\"wp-block-themeisle-blocks-button wp-block-button\"><a href=\"https:\/\/www.daraspe.com\/neo\/la-transmission-du-savoir\/\" target=\"_self\" rel=\"noopener noreferrer\" class=\"wp-block-button__link\"><span>Lire la suite<\/span><\/a><\/div>\n<\/div>\n<\/div>\n<\/div><\/section>\n<\/div>\n<\/div><\/section>\n\n\n\n<div id=\"wp-block-themeisle-blocks-advanced-columns-cbb652a0\" class=\"wp-block-themeisle-blocks-advanced-columns has-1-columns has-desktop-equal-layout has-tablet-equal-layout has-mobile-equal-layout has-vertical-unset\"><div class=\"wp-block-themeisle-blocks-advanced-columns-overlay\"><\/div><div class=\"innerblocks-wrap\">\n<div id=\"wp-block-themeisle-blocks-advanced-column-5c99f72e\" class=\"wp-block-themeisle-blocks-advanced-column\">\n<div id=\"wp-block-themeisle-blocks-advanced-columns-c9c5c176\" class=\"wp-block-themeisle-blocks-advanced-columns has-1-columns has-desktop-equal-layout has-tablet-equal-layout has-mobile-equal-layout has-vertical-unset\"><div class=\"wp-block-themeisle-blocks-advanced-columns-overlay\"><\/div><div class=\"innerblocks-wrap\">\n<div id=\"wp-block-themeisle-blocks-advanced-column-545d74c1\" class=\"wp-block-themeisle-blocks-advanced-column\">\n<div id=\"wp-block-themeisle-blocks-advanced-columns-855d144c\" class=\"wp-block-themeisle-blocks-advanced-columns has-1-columns has-desktop-equal-layout has-tablet-equal-layout has-mobile-equal-layout has-vertical-unset\"><div class=\"wp-block-themeisle-blocks-advanced-columns-overlay\"><\/div><div class=\"innerblocks-wrap\">\n<div id=\"wp-block-themeisle-blocks-advanced-column-8184886d\" class=\"wp-block-themeisle-blocks-advanced-column\"><div class=\"is-style-tiled wp-block-themeisle-blocks-posts-grid\" id=\"wp-block-themeisle-blocks-posts-grid-76b925dd\"><div class=\"o-featured-container\"><div class=\"o-featured-post\" style=\"background-image: url(https:\/\/www.daraspe.com\/neo\/wp-content\/uploads\/2019\/10\/Rencontres-Gobelins.jpg); background-size: cover; background-position: center center;\"><div class=\"o-posts-grid-post-body\"><h4 class=\"o-posts-grid-post-title\"><a href=\"https:\/\/www.daraspe.com\/neo\/atelier\/transmission\/lart-de-la-forge-et-de-la-frappe-rencontres-des-gobelins-26-nov-2019\/\">L&rsquo;art de la forge et de la frappe &#8211; Rencontres des Gobelins &#8211; 26 nov. 2019<\/a><\/h4><div class=\"o-posts-grid-post-description\"><p>Roland Daraspe et Pierre Gaucher (Sculpteur et ferronnier d&rsquo;art) , tous deux Artisans d&rsquo;\u2026<\/p><\/div><\/div><\/div><\/div><div class=\"is-grid o-posts-grid-columns-4\"><div class=\"o-posts-grid-post-blog o-posts-grid-post-plain\" style=\"background-image: url(https:\/\/www.daraspe.com\/neo\/wp-content\/uploads\/2019\/12\/restauration_lustre_hotel_industrie-1024x683.jpg); background-size: cover; background-position: center center;\"><div class=\"o-posts-grid-post\"><div class=\"o-posts-grid-post-body\"><h4 class=\"o-posts-grid-post-title\"><a href=\"https:\/\/www.daraspe.com\/neo\/atelier\/restauration-dun-lustre-en-bronze-a-lhotel-de-lindustrie\/\">Restauration d&rsquo;un lustre en bronze \u00e0 l&rsquo;H\u00f4tel de l&rsquo;Industrie<\/a><\/h4><div class=\"o-posts-grid-post-description\"><p>Il \u00e9tait une fois un lustre en bronze de style second empire, qui illuminait la grande salle Lumi\u00e8re\u2026<\/p><\/div><\/div><\/div><\/div><div class=\"o-posts-grid-post-blog o-posts-grid-post-plain\" style=\"background-image: url(https:\/\/www.daraspe.com\/neo\/wp-content\/uploads\/2019\/10\/Rencontres_S1_2020_media-image_1169x661px_1-1024x579.jpg); background-size: cover; background-position: center center;\"><div class=\"o-posts-grid-post\"><div class=\"o-posts-grid-post-body\"><h4 class=\"o-posts-grid-post-title\"><a href=\"https:\/\/www.daraspe.com\/neo\/atelier\/transmission\/les-rencontres-des-gobelins-le-26-novembre-2019-a-paris\/\">Les rencontres des Gobelins, le 26 novembre 2019 \u00e0 Paris<\/a><\/h4><div class=\"o-posts-grid-post-description\"><p>Dans le cadre des Rencontres des Gobelins au Mobilier national et des manufactures des Gobelins, de \u2026<\/p><\/div><\/div><\/div><\/div><div class=\"o-posts-grid-post-blog o-posts-grid-post-plain\" style=\"background-image: url(https:\/\/www.daraspe.com\/neo\/wp-content\/uploads\/2019\/05\/vistemboir_roland_daraspe_details-1024x723.jpg); background-size: cover; background-position: center center;\"><div class=\"o-posts-grid-post\"><div class=\"o-posts-grid-post-body\"><h4 class=\"o-posts-grid-post-title\"><a href=\"https:\/\/www.daraspe.com\/neo\/atelier\/dun-vistemboir-a-lautre\/\">D&rsquo;un vistemboir \u00e0 l&rsquo;autre<\/a><\/h4><div class=\"o-posts-grid-post-description\"><p>Un vistemboir ? C&rsquo;est un truc, un machin, un objet non identifi\u00e9. Un bidule, un schmilblik&amp;#82\u2026<\/p><\/div><\/div><\/div><\/div><div class=\"o-posts-grid-post-blog o-posts-grid-post-plain\" style=\"background-image: url(https:\/\/www.daraspe.com\/neo\/wp-content\/uploads\/2019\/03\/conf\u00e9rence_acad\u00e9mie_3-1024x576.jpg); background-size: cover; background-position: center center;\"><div class=\"o-posts-grid-post\"><div class=\"o-posts-grid-post-body\"><h4 class=\"o-posts-grid-post-title\"><a href=\"https:\/\/www.daraspe.com\/neo\/atelier\/transmission\/dans-les-coulisses-de-lacademie\/\">Dans les coulisses de l&rsquo;Acad\u00e9mie&#8230;<\/a><\/h4><div class=\"o-posts-grid-post-description\"><p>Jeudi 28 mars, en fin d&rsquo;apr\u00e8s-midi, pr\u00e8s de 80 personnes, auditeurs ou membres de l&rsquo;Acad\u2026<\/p><\/div><\/div><\/div><\/div><div class=\"o-posts-grid-post-blog o-posts-grid-post-plain\" style=\"background-image: url(https:\/\/www.daraspe.com\/neo\/wp-content\/uploads\/2018\/12\/Lustre_bougies_daraspe_etapes_13-1024x683.jpg); background-size: cover; background-position: center center;\"><div class=\"o-posts-grid-post\"><div class=\"o-posts-grid-post-body\"><h4 class=\"o-posts-grid-post-title\"><a href=\"https:\/\/www.daraspe.com\/neo\/atelier\/transmission\/les-techniques-de-lorfevrerie-presentees-le-28-mars-2019-a-lacademie-nationale-des-sciences-belles-lettres-et-arts-de-bordeaux\/\">Les techniques de l&rsquo;orf\u00e8vrerie pr\u00e9sent\u00e9es le 28 mars 2019 \u00e0 l&rsquo;Acad\u00e9mie Nationale des Sciences, Belles-Lettres et Arts de Bordeaux<\/a><\/h4><div class=\"o-posts-grid-post-description\"><p>Le 28 mars 2019 \u00e0 16h, \u00e0 l&rsquo;occasion d&rsquo;une s\u00e9ance publique de l&rsquo;Acad\u00e9mie Nationale \u2026<\/p><\/div><\/div><\/div><\/div><div class=\"o-posts-grid-post-blog o-posts-grid-post-plain\" style=\"background-image: url(https:\/\/www.daraspe.com\/neo\/wp-content\/uploads\/2018\/12\/Lustre_bougies_daraspe_etapes_31-1024x683.jpg); background-size: cover; background-position: center center;\"><div class=\"o-posts-grid-post\"><div class=\"o-posts-grid-post-body\"><h4 class=\"o-posts-grid-post-title\"><a href=\"https:\/\/www.daraspe.com\/neo\/atelier\/histoire-d-un-lustre\/\">Il \u00e9tait une fois un lustre&#8230;<\/a><\/h4><div class=\"o-posts-grid-post-description\"><p>&#8230; ou les \u00e9tapes de la cr\u00e9ation d&rsquo;un lustre \u00e0 6 bougies. \u00a0 \u00a0 Avant d&rsquo;en arriver au \u2026<\/p><\/div><\/div><\/div><\/div><div class=\"o-posts-grid-post-blog o-posts-grid-post-plain\" style=\"background-image: url(https:\/\/www.daraspe.com\/neo\/wp-content\/uploads\/2018\/07\/pichet_04.png); background-size: cover; background-position: center center;\"><div class=\"o-posts-grid-post\"><div class=\"o-posts-grid-post-body\"><h4 class=\"o-posts-grid-post-title\"><a href=\"https:\/\/www.daraspe.com\/neo\/atelier\/histoire-dun-pichet\/\">Histoire d&rsquo;un pichet<\/a><\/h4><div class=\"o-posts-grid-post-description\"><p>Apr\u00e8s quelques milliers de coups de marteau, le pichet prend forme et \u00e9tincelle&#8230; D\u00e9couvrez plu\u2026<\/p><\/div><\/div><\/div><\/div><div class=\"o-posts-grid-post-blog o-posts-grid-post-plain\" style=\"background-image: url(https:\/\/www.daraspe.com\/neo\/wp-content\/uploads\/2018\/07\/poivrier_daraspe_08.png); background-size: cover; background-position: center center;\"><div class=\"o-posts-grid-post\"><div class=\"o-posts-grid-post-body\"><h4 class=\"o-posts-grid-post-title\"><a href=\"https:\/\/www.daraspe.com\/neo\/atelier\/histoire-dun-poivrier\/\">Histoire d&rsquo;un poivrier<\/a><\/h4><div class=\"o-posts-grid-post-description\"><p>D\u00e9couvrez diff\u00e9rentes \u00e9tapes de la fabrication d&rsquo;un moulin \u00e0 poivre&#8230; &nbsp; Voir les Poi\u2026<\/p><\/div><\/div><\/div><\/div><div class=\"o-posts-grid-post-blog o-posts-grid-post-plain\" style=\"background-image: url(https:\/\/www.daraspe.com\/neo\/wp-content\/uploads\/2016\/06\/roland-darapse-e1472213274454.jpg); background-size: cover; background-position: center center;\"><div class=\"o-posts-grid-post\"><div class=\"o-posts-grid-post-body\"><h4 class=\"o-posts-grid-post-title\"><a href=\"https:\/\/www.daraspe.com\/neo\/atelier\/les-traces-habiles-ou-le-processus-creatif\/\">Les traces habiles ou le processus cr\u00e9atif<\/a><\/h4><div class=\"o-posts-grid-post-description\"><p>L\u2019association \u201cLes Traces Habiles\u201c m\u00e8ne, \u00e0 travers le projet&nbsp;\u201cdess(e)ins, un observatoire des d\u2026<\/p><\/div><\/div><\/div><\/div><div class=\"o-posts-grid-post-blog o-posts-grid-post-plain\" style=\"background-image: url(https:\/\/www.daraspe.com\/neo\/wp-content\/uploads\/2016\/08\/cw_ciselure_du_pied-1024x738.jpg); background-size: cover; background-position: center center;\"><div class=\"o-posts-grid-post\"><div class=\"o-posts-grid-post-body\"><h4 class=\"o-posts-grid-post-title\"><a href=\"https:\/\/www.daraspe.com\/neo\/atelier\/les-techniques-de-lorfevrerie\/\">Les techniques de l&rsquo;orf\u00e8vrerie<\/a><\/h4><div class=\"o-posts-grid-post-description\"><p>Jusqu\u2019au XVIII\u00b0 si\u00e8cle, le travail de l\u2019orf\u00e8vrerie se fait manuellement, puis se m\u00e9canise peu \u00e0 peu \u2026<\/p><\/div><\/div><\/div><\/div><div class=\"o-posts-grid-post-blog o-posts-grid-post-plain\" style=\"background-image: url(https:\/\/www.daraspe.com\/neo\/wp-content\/uploads\/2016\/08\/ah_Ostensoir_F-2-811x1024.jpg); background-size: cover; background-position: center center;\"><div class=\"o-posts-grid-post\"><div class=\"o-posts-grid-post-body\"><h4 class=\"o-posts-grid-post-title\"><a href=\"https:\/\/www.daraspe.com\/neo\/atelier\/la-fabrication-de-lostensoir\/\">La fabrication de l&rsquo;Ostensoir<\/a><\/h4><div class=\"o-posts-grid-post-description\"><p>En octobre 2003 je re\u00e7ois un mail de la m\u00e8re sup\u00e9rieure du couvent de la Visitation-Sainte Marie sit\u2026<\/p><\/div><\/div><\/div><\/div><div class=\"o-posts-grid-post-blog o-posts-grid-post-plain\" style=\"background-image: url(https:\/\/www.daraspe.com\/neo\/wp-content\/uploads\/2016\/08\/Petites_coupes_C-Pillet_00032-1024x622.jpg); background-size: cover; background-position: center center;\"><div class=\"o-posts-grid-post\"><div class=\"o-posts-grid-post-body\"><h4 class=\"o-posts-grid-post-title\"><a href=\"https:\/\/www.daraspe.com\/neo\/atelier\/la-collection-silver\/\">La collection SILVER<\/a><\/h4><div class=\"o-posts-grid-post-description\"><p>La coupe Silver One, en argent massif, est le premier titre de cette collection. Elle a \u00e9t\u00e9 dessin\u00e9e\u2026<\/p><\/div><\/div><\/div><\/div><div class=\"o-posts-grid-post-blog o-posts-grid-post-plain\" style=\"background-image: url(https:\/\/www.daraspe.com\/neo\/wp-content\/uploads\/2016\/01\/camille_jacquemin_orfevre_dinandiere_.jpg); background-size: cover; background-position: center center;\"><div class=\"o-posts-grid-post\"><div class=\"o-posts-grid-post-body\"><h4 class=\"o-posts-grid-post-title\"><a href=\"https:\/\/www.daraspe.com\/neo\/atelier\/transmission\/camille-jacquemin-orfevre-dinandiere\/\">Camille Jacquemin, Orf\u00e8vre Dinandi\u00e8re<\/a><\/h4><div class=\"o-posts-grid-post-description\"><p>De mai \u00e0 Juin 2011, Camille Jacquemin a pass\u00e9 6 semaines de stage \u00e0 l\u2019Atelier de l\u2019orf\u00e8vre et Ma\u00eetre\u2026<\/p><\/div><\/div><\/div><\/div><div class=\"o-posts-grid-post-blog o-posts-grid-post-plain\" style=\"background-image: url(https:\/\/www.daraspe.com\/neo\/wp-content\/uploads\/2016\/08\/bu_mise_en_cire_Wilfrid-1024x768.jpg); background-size: cover; background-position: center center;\"><div class=\"o-posts-grid-post\"><div class=\"o-posts-grid-post-body\"><h4 class=\"o-posts-grid-post-title\"><a href=\"https:\/\/www.daraspe.com\/neo\/atelier\/transmission\/wilfrid-jolly-dinandier-designer\/\">Wilfrid Jolly, dinandier designer<\/a><\/h4><div class=\"o-posts-grid-post-description\"><p>Wilfrid Jolly a \u00e9t\u00e9 l\u2019\u00e9l\u00e8ve de Roland Daraspe pendant 3 ans, de 2003 \u00e0 2006, dans le cadre du protoc\u2026<\/p><\/div><\/div><\/div><\/div><div class=\"o-posts-grid-post-blog o-posts-grid-post-plain\" style=\"background-image: url(https:\/\/www.daraspe.com\/neo\/wp-content\/uploads\/2016\/08\/lecole-dorfevrerie-rencontre-un-createur-de-renom.jpg); background-size: cover; background-position: center center;\"><div class=\"o-posts-grid-post\"><div class=\"o-posts-grid-post-body\"><h4 class=\"o-posts-grid-post-title\"><a href=\"https:\/\/www.daraspe.com\/neo\/atelier\/transmission\/ecole-de-bijouterie-et-dorfevrerie-tane-a-ploermel\/\">Ecole de bijouterie et d\u2019orf\u00e8vrerie Tan\u00e9, \u00e0 Plo\u00ebrmel<\/a><\/h4><div class=\"o-posts-grid-post-description\"><p>Roland Daraspe est le parrain de la promotion 2014 de l\u2019Ecole de bijouterie et d\u2019orf\u00e8vrerie Tan\u00e9, \u00e0 \u2026<\/p><\/div><\/div><\/div><\/div><div class=\"o-posts-grid-post-blog o-posts-grid-post-plain\" style=\"background-image: url(https:\/\/www.daraspe.com\/neo\/wp-content\/uploads\/2016\/11\/SUR-MESURES-1000x500.jpg); background-size: cover; background-position: center center;\"><div class=\"o-posts-grid-post\"><div class=\"o-posts-grid-post-body\"><h4 class=\"o-posts-grid-post-title\"><a href=\"https:\/\/www.daraspe.com\/neo\/atelier\/talents-exception-2006-roland-daraspe\/\">Talents d\u2019exception 2006 \u2013 Roland Daraspe &#8211; Sur Mesures<\/a><\/h4><div class=\"o-posts-grid-post-description\"><p>Talents d\u2019exception 2006 \u2013 Roland Daraspe Collection Sur Mesures \u2013 Dreamway Productions \u2013 Jocelyne A\u2026<\/p><\/div><\/div><\/div><\/div><\/div> <\/div><\/div>\n<\/div><\/div>\n<\/div>\n<\/div><\/div>\n<\/div>\n<\/div><\/div>\n\n\n\n<p><\/p>\n","protected":false},"excerpt":{"rendered":"","protected":false},"author":1,"featured_media":222,"parent":0,"menu_order":0,"comment_status":"closed","ping_status":"closed","template":"","meta":{"_acf_changed":false,"neve_meta_sidebar":"","neve_meta_container":"","neve_meta_enable_content_width":"","neve_meta_content_width":0,"neve_meta_title_alignment":"","neve_meta_author_avatar":"","neve_post_elements_order":"","neve_meta_disable_header":"","neve_meta_disable_footer":"","neve_meta_disable_title":"","_themeisle_gutenberg_block_has_review":false,"footnotes":""},"class_list":["post-10","page","type-page","status-publish","has-post-thumbnail","hentry"],"acf":[],"_links":{"self":[{"href":"https:\/\/www.daraspe.com\/neo\/wp-json\/wp\/v2\/pages\/10","targetHints":{"allow":["GET"]}}],"collection":[{"href":"https:\/\/www.daraspe.com\/neo\/wp-json\/wp\/v2\/pages"}],"about":[{"href":"https:\/\/www.daraspe.com\/neo\/wp-json\/wp\/v2\/types\/page"}],"author":[{"embeddable":true,"href":"https:\/\/www.daraspe.com\/neo\/wp-json\/wp\/v2\/users\/1"}],"replies":[{"embeddable":true,"href":"https:\/\/www.daraspe.com\/neo\/wp-json\/wp\/v2\/comments?post=10"}],"version-history":[{"count":32,"href":"https:\/\/www.daraspe.com\/neo\/wp-json\/wp\/v2\/pages\/10\/revisions"}],"predecessor-version":[{"id":2117,"href":"https:\/\/www.daraspe.com\/neo\/wp-json\/wp\/v2\/pages\/10\/revisions\/2117"}],"wp:featuredmedia":[{"embeddable":true,"href":"https:\/\/www.daraspe.com\/neo\/wp-json\/wp\/v2\/media\/222"}],"wp:attachment":[{"href":"https:\/\/www.daraspe.com\/neo\/wp-json\/wp\/v2\/media?parent=10"}],"curies":[{"name":"wp","href":"https:\/\/api.w.org\/{rel}","templated":true}]}}